{"id":963,"date":"2023-08-25T17:07:08","date_gmt":"2023-08-25T15:07:08","guid":{"rendered":"http:\/\/glosobranie.pl\/?page_id=963"},"modified":"2023-08-28T13:33:21","modified_gmt":"2023-08-28T11:33:21","slug":"test-wartosci","status":"publish","type":"page","link":"http:\/\/glosobranie.pl\/index.php\/test-wartosci\/","title":{"rendered":"Test warto\u015bci"},"content":{"rendered":"<script>\n                            if (window.qmn_quiz_data === undefined) {\n                                    window.qmn_quiz_data = new Object();\n                            }\n                    <\/script><script>window.qmn_quiz_data[\"1\"] = {\"quiz_id\":\"1\",\"quiz_name\":\"test warto\\u015bci\",\"disable_answer\":\"0\",\"ajax_show_correct\":\"0\",\"progress_bar\":\"0\",\"contact_info_location\":\"0\",\"qpages\":{\"1\":{\"id\":\"1\",\"quizID\":\"1\",\"pagekey\":\"UWe2L2AT\",\"hide_prevbtn\":\"0\",\"update_name\":\"1\"}},\"skip_validation_time_expire\":\"0\",\"timer_limit_val\":0,\"disable_scroll_next_previous_click\":\"0\",\"disable_first_page\":\"0\",\"enable_result_after_timer_end\":\"0\",\"enable_quick_result_mc\":\"0\",\"end_quiz_if_wrong\":0,\"form_disable_autofill\":\"0\",\"disable_mathjax\":\"0\",\"enable_quick_correct_answer_info\":\"0\",\"quick_result_correct_answer_text\":\"Correct! You have selected correct answer.\",\"quick_result_wrong_answer_text\":\"Wrong! You have selected wrong answer.\",\"quiz_processing_message\":\"\",\"quiz_limit_choice\":\"Limit of choice is reached.\",\"not_allow_after_expired_time\":\"\",\"scheduled_time_end\":false,\"error_messages\":{\"email_error_text\":\"Not a valid e-mail address!\",\"number_error_text\":\"This field must be a number!\",\"incorrect_error_text\":\"The entered text is not correct!\",\"empty_error_text\":\"Please complete all required fields!\",\"url_error_text\":\"The entered URL is not valid!\",\"minlength_error_text\":\"Required atleast %minlength% characters.\",\"maxlength_error_text\":\"Maximum %maxlength% characters allowed.\"},\"first_page\":false}\n                    <\/script><style type='text\/css' id='qmn_quiz_template-css'>.qsm-btn {\r\ncolor: #5d40de;\r\n}\r\n\r\n.qsm-submit-btn  {\r\ncolor: #5d40de;\r\n}\r\n\r\n.qmn_btn {\r\ncolor: #5d40de;\r\n}<\/style><div class='qsm-quiz-container qsm-quiz-container-1 qmn_quiz_container mlw_qmn_quiz  quiz_theme_default  '>\n\t\t\t\t\t<form name=\"quizForm1\" id=\"quizForm1\" action=\"\/index.php\/wp-json\/wp\/v2\/pages\/963\" method=\"POST\" class=\"qsm-quiz-form qmn_quiz_form mlw_quiz_form\" novalidate enctype=\"multipart\/form-data\">\n\t\t\t\t<input type=\"hidden\" name=\"qsm_hidden_questions\" id=\"qsm_hidden_questions\" value=\"\">\n\t\t\t\t<input type=\"hidden\" name=\"qsm_nonce\" id=\"qsm_nonce_1\" value=\"f012577971\">\n\t\t\t\t<input type=\"hidden\" name=\"qsm_unique_key\" id=\"qsm_unique_key_1\" value=\"69e227110c6f8\">\n\t\t\t\t<div id=\"mlw_error_message\" class=\"qsm-error-message qmn_error_message_section\"><\/div>\n\t\t\t\t<span id=\"mlw_top_of_quiz\"><\/span>\n\t\t\t\t\t\t\t<section class=\"qsm-page \">\n\t\t\t\t\t\t\t\t<div class=\"quiz_section quiz_begin\">\n\t\t\t\t\t\t<div class='qsm-before-message mlw_qmn_message_before'>\n\t\t\t\t\t\t\t\t\t\t<\/div>\n\t\t\t\t\t\t\t\t\t<div class=\"qsm_contact_div qsm-contact-type-text\">\n\t\t\t\t\t\t\t\t\t\t<span class='mlw_qmn_question qsm_question'>Imi\u0119<\/span>\n\t\t\t\t<input type='text' class=''  name='contact_field_0' id='contact_field_0'  value=''  placeholder='Imi\u0119'  \/>\n\t\t\t\t\t\t\t\t\t<\/div>\n\t\t\t\t\t\t\t\t\t\t<\/div>\n\t\t\t\t\t\t\t\t\t<div class=\"quiz_section qsm-question-wrapper question-type-4 question-section-id-1 \" data-qid=\"1\">\n\t\t\t\t\t\t<div class='mlw_qmn_new_question'>Kt\u00f3re z poni\u017cszych warto\u015bci s\u0105 ci najbli\u017csze? Wybierz maksymalnie cztery z nich. <\/div>\n\t\t\t<div class='mlw_qmn_question  qsm_remove_bold' >\n\t\t<p><\/p>\n\t<\/div>\n\t\t<div class=\"qmn_check_answers mlwRequiredRadio\">\n\t\t\t\t\t\t\t<div class=\"qsm_check_answer  mrq_checkbox_class\">\n\t\t\t\t\t\t<input type=\"checkbox\" class=\"qsm-multiple-response-input\" onchange=qsmCheckMR(this,4) name=\"question1[]\" id=\"question1_1\" value=\"0\" \/>\n\t\t\t\t\t\t<label class=\"qsm-input-label\" for=\"question1_1\">\n\t\t\t\t\t\t\tR\u00f3wno\u015b\u0107\t\t\t\t\t\t<\/label>\n\t\t\t\t\t<\/div>\n\t\t\t\t\t\t\t\t\t\t<div class=\"qsm_check_answer  mrq_checkbox_class\">\n\t\t\t\t\t\t<input type=\"checkbox\" class=\"qsm-multiple-response-input\" onchange=qsmCheckMR(this,4) name=\"question1[]\" id=\"question1_2\" value=\"1\" \/>\n\t\t\t\t\t\t<label class=\"qsm-input-label\" for=\"question1_2\">\n\t\t\t\t\t\t\tGospodarka\t\t\t\t\t\t<\/label>\n\t\t\t\t\t<\/div>\n\t\t\t\t\t\t\t\t\t\t<div class=\"qsm_check_answer  mrq_checkbox_class\">\n\t\t\t\t\t\t<input type=\"checkbox\" class=\"qsm-multiple-response-input\" onchange=qsmCheckMR(this,4) name=\"question1[]\" id=\"question1_3\" value=\"2\" \/>\n\t\t\t\t\t\t<label class=\"qsm-input-label\" for=\"question1_3\">\n\t\t\t\t\t\t\tMieszkanie\t\t\t\t\t\t<\/label>\n\t\t\t\t\t<\/div>\n\t\t\t\t\t\t\t\t\t\t<div class=\"qsm_check_answer  mrq_checkbox_class\">\n\t\t\t\t\t\t<input type=\"checkbox\" class=\"qsm-multiple-response-input\" onchange=qsmCheckMR(this,4) name=\"question1[]\" id=\"question1_4\" value=\"3\" \/>\n\t\t\t\t\t\t<label class=\"qsm-input-label\" for=\"question1_4\">\n\t\t\t\t\t\t\tBezpiecze\u0144stwo\t\t\t\t\t\t<\/label>\n\t\t\t\t\t<\/div>\n\t\t\t\t\t\t\t\t\t\t<div class=\"qsm_check_answer  mrq_checkbox_class\">\n\t\t\t\t\t\t<input type=\"checkbox\" class=\"qsm-multiple-response-input\" onchange=qsmCheckMR(this,4) name=\"question1[]\" id=\"question1_5\" value=\"4\" \/>\n\t\t\t\t\t\t<label class=\"qsm-input-label\" for=\"question1_5\">\n\t\t\t\t\t\t\tRodzina\t\t\t\t\t\t<\/label>\n\t\t\t\t\t<\/div>\n\t\t\t\t\t\t\t\t\t\t<div class=\"qsm_check_answer  mrq_checkbox_class\">\n\t\t\t\t\t\t<input type=\"checkbox\" class=\"qsm-multiple-response-input\" onchange=qsmCheckMR(this,4) name=\"question1[]\" id=\"question1_6\" value=\"5\" \/>\n\t\t\t\t\t\t<label class=\"qsm-input-label\" for=\"question1_6\">\n\t\t\t\t\t\t\tEuropa\t\t\t\t\t\t<\/label>\n\t\t\t\t\t<\/div>\n\t\t\t\t\t\t\t\t\t\t<div class=\"qsm_check_answer  mrq_checkbox_class\">\n\t\t\t\t\t\t<input type=\"checkbox\" class=\"qsm-multiple-response-input\" onchange=qsmCheckMR(this,4) name=\"question1[]\" id=\"question1_7\" value=\"6\" \/>\n\t\t\t\t\t\t<label class=\"qsm-input-label\" for=\"question1_7\">\n\t\t\t\t\t\t\tKlimat\t\t\t\t\t\t<\/label>\n\t\t\t\t\t<\/div>\n\t\t\t\t\t\t\t\t\t\t<div class=\"qsm_check_answer  mrq_checkbox_class\">\n\t\t\t\t\t\t<input type=\"checkbox\" class=\"qsm-multiple-response-input\" onchange=qsmCheckMR(this,4) name=\"question1[]\" id=\"question1_8\" value=\"7\" \/>\n\t\t\t\t\t\t<label class=\"qsm-input-label\" for=\"question1_8\">\n\t\t\t\t\t\t\tWsp\u00f3lnota\t\t\t\t\t\t<\/label>\n\t\t\t\t\t<\/div>\n\t\t\t\t\t\t\t\t\t\t<div class=\"qsm_check_answer  mrq_checkbox_class\">\n\t\t\t\t\t\t<input type=\"checkbox\" class=\"qsm-multiple-response-input\" onchange=qsmCheckMR(this,4) name=\"question1[]\" id=\"question1_9\" value=\"8\" \/>\n\t\t\t\t\t\t<label class=\"qsm-input-label\" for=\"question1_9\">\n\t\t\t\t\t\t\tWolno\u015b\u0107\t\t\t\t\t\t<\/label>\n\t\t\t\t\t<\/div>\n\t\t\t\t\t\t\t\t\t\t<div class=\"qsm_check_answer  mrq_checkbox_class\">\n\t\t\t\t\t\t<input type=\"checkbox\" class=\"qsm-multiple-response-input\" onchange=qsmCheckMR(this,4) name=\"question1[]\" id=\"question1_10\" value=\"9\" \/>\n\t\t\t\t\t\t<label class=\"qsm-input-label\" for=\"question1_10\">\n\t\t\t\t\t\t\tMi\u0142o\u015b\u0107\t\t\t\t\t\t<\/label>\n\t\t\t\t\t<\/div>\n\t\t\t\t\t\t\t\t\t\t<div class=\"qsm_check_answer  mrq_checkbox_class\">\n\t\t\t\t\t\t<input type=\"checkbox\" class=\"qsm-multiple-response-input\" onchange=qsmCheckMR(this,4) name=\"question1[]\" id=\"question1_11\" value=\"10\" \/>\n\t\t\t\t\t\t<label class=\"qsm-input-label\" for=\"question1_11\">\n\t\t\t\t\t\t\tWiara\t\t\t\t\t\t<\/label>\n\t\t\t\t\t<\/div>\n\t\t\t\t\t\t\t\t\t\t<div class=\"qsm_check_answer  mrq_checkbox_class\">\n\t\t\t\t\t\t<input type=\"checkbox\" class=\"qsm-multiple-response-input\" onchange=qsmCheckMR(this,4) name=\"question1[]\" id=\"question1_12\" value=\"11\" \/>\n\t\t\t\t\t\t<label class=\"qsm-input-label\" for=\"question1_12\">\n\t\t\t\t\t\t\tDemokracja\t\t\t\t\t\t<\/label>\n\t\t\t\t\t<\/div>\n\t\t\t\t\t\t<\/div>\n\t\t\t\t\t\t<\/div>\n\t\t\t\t\t\t\t<\/section>\n\t\t\t\t\t<input type=\"hidden\" name=\"qmn_question_list\" value=\"1Q\" \/>\n\t\t\t\t\t\t<div id=\"mlw_error_message_bottom\" class=\"qsm-error-message qmn_error_message_section\"><\/div>\n\t\t\t\t\t<input type=\"hidden\" name=\"qmn_all_questions_count\" id=\"qmn_all_questions_count\" value=\"1\" \/>\n\t\t\t\t\t<input type=\"hidden\" name=\"total_questions\" id=\"total_questions\" value=\"1\" \/>\n\t\t\t\t\t<input type=\"hidden\" name=\"timer\" id=\"timer\" value=\"0\" \/>\n\t\t\t\t\t<input type=\"hidden\" name=\"timer_ms\" id=\"timer_ms\" value=\"0\"\/>\n\t\t\t\t\t<input type=\"hidden\" class=\"qmn_quiz_id\" name=\"qmn_quiz_id\" id=\"qmn_quiz_id\" value=\"1\" \/>\n\t\t\t\t\t<input type='hidden' name='complete_quiz' value='confirmation' \/>\n\t\t\t\t\t\t\t\t\t<\/form>\n\t\t<\/div>\n\t\t<div style=\"display: none;\" class=\"qsm-popup qsm-popup-slide\" id=\"modal-4\" aria-hidden=\"false\"><div class=\"qsm-popup__overlay\" tabindex=\"-1\" data-micromodal-close=\"\"><div class=\"qsm-popup__container qmn_quiz_container\" role=\"dialog\" aria-modal=\"true\"><div class=\"qsm-popup__content\"><img decoding=\"async\" src=\"http:\/\/glosobranie.pl\/wp-content\/plugins\/quiz-master-next\/assets\/clock.png\" alt=\"clock.png\"\/><p class=\"qsm-time-up-text\"> Time's up<\/p><\/div><footer class=\"qsm-popup__footer\"><button class=\"qsm-popup-secondary-button qmn_btn\" data-micromodal-close=\"\" aria-label=\"Close this dialog window\" onclick=\"location.reload();\">Cancel<\/button><\/footer><\/div><\/div><\/div>\n","protected":false},"excerpt":{"rendered":"","protected":false},"author":1,"featured_media":0,"parent":0,"menu_order":0,"comment_status":"closed","ping_status":"closed","template":"","meta":{"footnotes":""},"class_list":["post-963","page","type-page","status-publish","hentry"],"blocksy_meta":{"background":{"desktop":{"background_type":"color","background_pattern":"type-1","background_image":{"attachment_id":null,"x":0,"y":0},"gradient":"linear-gradient(135deg,rgba(6,147,227,1) 0%,rgb(155,81,224) 100%)","background_repeat":"repeat","background_size":"auto","background_attachment":"scroll","patternColor":{"default":{"color":"#e5e7ea"}},"overlayColor":{"default":{"color":"CT_CSS_SKIP_RULE"}},"backgroundColor":{"default":{"color":"var(--paletteColor5)"}}},"tablet":{"background_type":"color","background_pattern":"type-1","background_image":{"attachment_id":null,"x":0,"y":0},"gradient":"linear-gradient(135deg,rgba(6,147,227,1) 0%,rgb(155,81,224) 100%)","background_repeat":"repeat","background_size":"auto","background_attachment":"scroll","patternColor":{"default":{"color":"#e5e7ea"}},"overlayColor":{"default":{"color":"CT_CSS_SKIP_RULE"}},"backgroundColor":{"default":{"color":"var(--paletteColor5)"}}},"mobile":{"background_type":"color","background_pattern":"type-1","background_image":{"attachment_id":null,"x":0,"y":0},"gradient":"linear-gradient(135deg,rgba(6,147,227,1) 0%,rgb(155,81,224) 100%)","background_repeat":"repeat","background_size":"auto","background_attachment":"scroll","patternColor":{"default":{"color":"#e5e7ea"}},"overlayColor":{"default":{"color":"CT_CSS_SKIP_RULE"}},"backgroundColor":{"default":{"color":"var(--paletteColor5)"}}},"__changed":[]},"styles_descriptor":{"styles":{"desktop":"[data-prefix=\"single_page\"] {background-color:var(--paletteColor5);background-image:none;}","tablet":"","mobile":""},"google_fonts":[],"version":5}},"_links":{"self":[{"href":"http:\/\/glosobranie.pl\/index.php\/wp-json\/wp\/v2\/pages\/963","targetHints":{"allow":["GET"]}}],"collection":[{"href":"http:\/\/glosobranie.pl\/index.php\/wp-json\/wp\/v2\/pages"}],"about":[{"href":"http:\/\/glosobranie.pl\/index.php\/wp-json\/wp\/v2\/types\/page"}],"author":[{"embeddable":true,"href":"http:\/\/glosobranie.pl\/index.php\/wp-json\/wp\/v2\/users\/1"}],"replies":[{"embeddable":true,"href":"http:\/\/glosobranie.pl\/index.php\/wp-json\/wp\/v2\/comments?post=963"}],"version-history":[{"count":5,"href":"http:\/\/glosobranie.pl\/index.php\/wp-json\/wp\/v2\/pages\/963\/revisions"}],"predecessor-version":[{"id":992,"href":"http:\/\/glosobranie.pl\/index.php\/wp-json\/wp\/v2\/pages\/963\/revisions\/992"}],"wp:attachment":[{"href":"http:\/\/glosobranie.pl\/index.php\/wp-json\/wp\/v2\/media?parent=963"}],"curies":[{"name":"wp","href":"https:\/\/api.w.org\/{rel}","templated":true}]}}